{"id":283,"date":"2020-01-09T12:26:59","date_gmt":"2020-01-09T12:26:59","guid":{"rendered":"http:\/\/forstservice-hoffmann.de\/?page_id=283"},"modified":"2020-01-11T11:33:55","modified_gmt":"2020-01-11T11:33:55","slug":"forstarbeiten","status":"publish","type":"page","link":"http:\/\/forstservice-hoffmann.de\/?page_id=283","title":{"rendered":"Forstarbeiten"},"content":{"rendered":"\t\t<div data-elementor-type=\"wp-page\" data-elementor-id=\"283\" class=\"elementor elementor-283\">\n\t\t\t\t\t\t<section class=\"elementor-section elementor-top-section elementor-element elementor-element-af65edc elementor-section-boxed elementor-section-height-default elementor-section-height-default\" data-id=\"af65edc\" data-element_type=\"section\">\n\t\t\t\t\t\t<div class=\"elementor-container elementor-column-gap-default\">\n\t\t\t\t\t<div class=\"elementor-column elementor-col-100 elementor-top-column elementor-element elementor-element-ee324e0\" data-id=\"ee324e0\" data-element_type=\"column\">\n\t\t\t<div class=\"elementor-widget-wrap elementor-element-populated\">\n\t\t\t\t\t\t<div class=\"elementor-element elementor-element-8b3df4c elementor-widget elementor-widget-heading\" data-id=\"8b3df4c\" data-element_type=\"widget\" data-widget_type=\"heading.default\">\n\t\t\t\t<div class=\"elementor-widget-container\">\n\t\t\t<h3 class=\"elementor-heading-title elementor-size-default\">Impressionen<\/h3>\t\t<\/div>\n\t\t\t\t<\/div>\n\t\t\t\t<div class=\"elementor-element elementor-element-1da1592 elementor-widget elementor-widget-image-carousel\" data-id=\"1da1592\" data-element_type=\"widget\" data-settings=\"{&quot;slides_to_show&quot;:&quot;4&quot;,&quot;navigation&quot;:&quot;none&quot;,&quot;autoplay&quot;:&quot;yes&quot;,&quot;pause_on_hover&quot;:&quot;yes&quot;,&quot;pause_on_interaction&quot;:&quot;yes&quot;,&quot;autoplay_speed&quot;:5000,&quot;infinite&quot;:&quot;yes&quot;,&quot;speed&quot;:500}\" data-widget_type=\"image-carousel.default\">\n\t\t\t\t<div class=\"elementor-widget-container\">\n\t\t\t\t\t<div class=\"elementor-image-carousel-wrapper swiper\" dir=\"ltr\">\n\t\t\t<div class=\"elementor-image-carousel swiper-wrapper\" aria-live=\"off\">\n\t\t\t\t\t\t\t\t<div class=\"swiper-slide\" role=\"group\" aria-roledescription=\"slide\" aria-label=\"1 von 9\"><figure class=\"swiper-slide-inner\"><img decoding=\"async\" class=\"swiper-slide-image\" src=\"http:\/\/forstservice-hoffmann.de\/wp-content\/uploads\/2020\/01\/IMG-20200109-WA0006-150x150.jpg\" alt=\"IMG-20200109-WA0006\" \/><\/figure><\/div><div class=\"swiper-slide\" role=\"group\" aria-roledescription=\"slide\" aria-label=\"2 von 9\"><figure class=\"swiper-slide-inner\"><img decoding=\"async\" class=\"swiper-slide-image\" src=\"http:\/\/forstservice-hoffmann.de\/wp-content\/uploads\/2020\/01\/IMG-20200109-WA0008-150x150.jpg\" alt=\"IMG-20200109-WA0008\" \/><\/figure><\/div><div class=\"swiper-slide\" role=\"group\" aria-roledescription=\"slide\" aria-label=\"3 von 9\"><figure class=\"swiper-slide-inner\"><img decoding=\"async\" class=\"swiper-slide-image\" src=\"http:\/\/forstservice-hoffmann.de\/wp-content\/uploads\/2020\/01\/IMG-20200109-WA0009-150x150.jpg\" alt=\"IMG-20200109-WA0009\" \/><\/figure><\/div><div class=\"swiper-slide\" role=\"group\" aria-roledescription=\"slide\" aria-label=\"4 von 9\"><figure class=\"swiper-slide-inner\"><img decoding=\"async\" class=\"swiper-slide-image\" src=\"http:\/\/forstservice-hoffmann.de\/wp-content\/uploads\/2020\/01\/IMG-20200109-WA0010-150x150.jpg\" alt=\"IMG-20200109-WA0010\" \/><\/figure><\/div><div class=\"swiper-slide\" role=\"group\" aria-roledescription=\"slide\" aria-label=\"5 von 9\"><figure class=\"swiper-slide-inner\"><img decoding=\"async\" class=\"swiper-slide-image\" src=\"http:\/\/forstservice-hoffmann.de\/wp-content\/uploads\/2020\/01\/IMG-20200109-WA0011-150x150.jpg\" alt=\"IMG-20200109-WA0011\" \/><\/figure><\/div><div class=\"swiper-slide\" role=\"group\" aria-roledescription=\"slide\" aria-label=\"6 von 9\"><figure class=\"swiper-slide-inner\"><img decoding=\"async\" class=\"swiper-slide-image\" src=\"http:\/\/forstservice-hoffmann.de\/wp-content\/uploads\/2020\/01\/IMG-20200109-WA0012-150x150.jpg\" alt=\"IMG-20200109-WA0012\" \/><\/figure><\/div><div class=\"swiper-slide\" role=\"group\" aria-roledescription=\"slide\" aria-label=\"7 von 9\"><figure class=\"swiper-slide-inner\"><img decoding=\"async\" class=\"swiper-slide-image\" src=\"http:\/\/forstservice-hoffmann.de\/wp-content\/uploads\/2020\/01\/IMG-20200109-WA0014-150x150.jpg\" alt=\"IMG-20200109-WA0014\" \/><\/figure><\/div><div class=\"swiper-slide\" role=\"group\" aria-roledescription=\"slide\" aria-label=\"8 von 9\"><figure class=\"swiper-slide-inner\"><img decoding=\"async\" class=\"swiper-slide-image\" src=\"http:\/\/forstservice-hoffmann.de\/wp-content\/uploads\/2020\/01\/IMG-20200109-WA0015-150x150.jpg\" alt=\"IMG-20200109-WA0015\" \/><\/figure><\/div><div class=\"swiper-slide\" role=\"group\" aria-roledescription=\"slide\" aria-label=\"9 von 9\"><figure class=\"swiper-slide-inner\"><img decoding=\"async\" class=\"swiper-slide-image\" src=\"http:\/\/forstservice-hoffmann.de\/wp-content\/uploads\/2020\/01\/pic_1-150x150.gif\" alt=\"pic_1\" \/><\/figure><\/div>\t\t\t<\/div>\n\t\t\t\t\t\t\t\n\t\t\t\t\t\t\t\t\t<\/div>\n\t\t\t\t<\/div>\n\t\t\t\t<\/div>\n\t\t\t\t<div class=\"elementor-element elementor-element-ae01ccf elementor-widget elementor-widget-spacer\" data-id=\"ae01ccf\" data-element_type=\"widget\" data-widget_type=\"spacer.default\">\n\t\t\t\t<div class=\"elementor-widget-container\">\n\t\t\t\t\t<div class=\"elementor-spacer\">\n\t\t\t<div class=\"elementor-spacer-inner\"><\/div>\n\t\t<\/div>\n\t\t\t\t<\/div>\n\t\t\t\t<\/div>\n\t\t\t\t\t<\/div>\n\t\t<\/div>\n\t\t\t\t\t<\/div>\n\t\t<\/section>\n\t\t\t\t<section class=\"elementor-section elementor-top-section elementor-element elementor-element-efa86b2 elementor-section-boxed elementor-section-height-default elementor-section-height-default\" data-id=\"efa86b2\" data-element_type=\"section\">\n\t\t\t\t\t\t<div class=\"elementor-container elementor-column-gap-default\">\n\t\t\t\t\t<div class=\"elementor-column elementor-col-50 elementor-top-column elementor-element elementor-element-c538b5c\" data-id=\"c538b5c\" data-element_type=\"column\">\n\t\t\t<div class=\"elementor-widget-wrap elementor-element-populated\">\n\t\t\t\t\t\t<div class=\"elementor-element elementor-element-15f6c03 elementor-widget elementor-widget-image\" data-id=\"15f6c03\" data-element_type=\"widget\" data-widget_type=\"image.default\">\n\t\t\t\t<div class=\"elementor-widget-container\">\n\t\t\t\t\t\t\t\t\t\t\t\t\t<img fetchpriority=\"high\" decoding=\"async\" width=\"612\" height=\"816\" src=\"http:\/\/forstservice-hoffmann.de\/wp-content\/uploads\/2020\/01\/IMG-20200109-WA0008.jpg\" class=\"attachment-medium_large size-medium_large wp-image-354\" alt=\"\" srcset=\"http:\/\/forstservice-hoffmann.de\/wp-content\/uploads\/2020\/01\/IMG-20200109-WA0008.jpg 612w, http:\/\/forstservice-hoffmann.de\/wp-content\/uploads\/2020\/01\/IMG-20200109-WA0008-225x300.jpg 225w\" sizes=\"(max-width: 612px) 100vw, 612px\" \/>\t\t\t\t\t\t\t\t\t\t\t\t\t<\/div>\n\t\t\t\t<\/div>\n\t\t\t\t\t<\/div>\n\t\t<\/div>\n\t\t\t\t<div class=\"elementor-column elementor-col-50 elementor-top-column elementor-element elementor-element-aa95eb7\" data-id=\"aa95eb7\" data-element_type=\"column\">\n\t\t\t<div class=\"elementor-widget-wrap elementor-element-populated\">\n\t\t\t\t\t\t<div class=\"elementor-element elementor-element-194d940 elementor-widget elementor-widget-text-editor\" data-id=\"194d940\" data-element_type=\"widget\" data-widget_type=\"text-editor.default\">\n\t\t\t\t<div class=\"elementor-widget-container\">\n\t\t\t\t\t\t\t<p>Neben der manuellen oder maschinellen Holzernte und der Holzbringung k\u00f6nnen s\u00e4mtliche Arbeiten im Forst von uns erledigt werden, wie z.B.:<\/p><p><strong>S\u00e4mtliche Wald-\/ Forstarbeiten<\/strong><\/p><ul><li>motormanuelle Durchforstungen<\/li><li><span style=\"color: #339966;\"><a style=\"color: #339966;\" href=\"http:\/\/forstservice-hoffmann.de\/?page_id=417\">Problemf\u00e4llungen<\/a><\/span><\/li><li>Pflegema\u00dfnahmen in Jungbest\u00e4nden<\/li><li>Anbringung von Einzelschutz gegen Wildsch\u00e4den an Jungb\u00e4ume<\/li><li>R\u00fcckearbeiten<\/li><li><span style=\"color: #339966;\"><a style=\"color: #339966;\" href=\"http:\/\/forstservice-hoffmann.de\/?page_id=371\">Baum- und Kulturpflege<\/a><\/span><\/li><li>L\u00e4uterung<\/li><li><span style=\"color: #339966;\"><a style=\"color: #339966;\" href=\"http:\/\/forstservice-hoffmann.de\/?page_id=429\">Wertastung<\/a><\/span><\/li><li>Pflanzungen<\/li><li><span style=\"color: #339966;\"><a style=\"color: #339966;\" href=\"http:\/\/forstservice-hoffmann.de\/?page_id=238\">Gatter-\/ Zaunbau<\/a><\/span><\/li><li>Wegeunterhaltung<\/li><li>Verkehrssicherungsma\u00dfnahmen<\/li><\/ul><p><strong>Gartenpflege:<\/strong><\/p><ul><li>Obstbaumschnitt<\/li><li>Heckenschneiden<\/li><li>Rasenm\u00e4hen<\/li><li>Strauchschnitt etc.<\/li><\/ul><p><strong>Landschaftspflege<\/strong>:<\/p><ul><li>M\u00e4hen von Ausgleichsfl\u00e4chen<\/li><li>Stromleitungstrassenpflege<\/li><li>weiteres nach Absprache<\/li><\/ul>\t\t\t\t\t\t<\/div>\n\t\t\t\t<\/div>\n\t\t\t\t\t<\/div>\n\t\t<\/div>\n\t\t\t\t\t<\/div>\n\t\t<\/section>\n\t\t\t\t<\/div>\n\t\t","protected":false},"excerpt":{"rendered":"<p>Impressionen Neben der manuellen oder maschinellen Holzernte und der Holzbringung k\u00f6nnen s\u00e4mtliche Arbeiten im Forst von uns erledigt werden, wie z.B.: S\u00e4mtliche Wald-\/ Forstarbeiten motormanuelle Durchforstungen Problemf\u00e4llungen Pflegema\u00dfnahmen in Jungbest\u00e4nden Anbringung von Einzelschutz gegen Wildsch\u00e4den an Jungb\u00e4ume R\u00fcckearbeiten Baum- und Kulturpflege L\u00e4uterung Wertastung Pflanzungen Gatter-\/ Zaunbau Wegeunterhaltung Verkehrssicherungsma\u00dfnahmen Gartenpflege: Obstbaumschnitt Heckenschneiden Rasenm\u00e4hen Strauchschnitt etc. Landschaftspflege:&hellip;<\/p>\n","protected":false},"author":1,"featured_media":284,"parent":0,"menu_order":0,"comment_status":"closed","ping_status":"closed","template":"","meta":{"footnotes":""},"class_list":["post-283","page","type-page","status-publish","has-post-thumbnail","hentry"],"_links":{"self":[{"href":"http:\/\/forstservice-hoffmann.de\/index.php?rest_route=\/wp\/v2\/pages\/283"}],"collection":[{"href":"http:\/\/forstservice-hoffmann.de\/index.php?rest_route=\/wp\/v2\/pages"}],"about":[{"href":"http:\/\/forstservice-hoffmann.de\/index.php?rest_route=\/wp\/v2\/types\/page"}],"author":[{"embeddable":true,"href":"http:\/\/forstservice-hoffmann.de\/index.php?rest_route=\/wp\/v2\/users\/1"}],"replies":[{"embeddable":true,"href":"http:\/\/forstservice-hoffmann.de\/index.php?rest_route=%2Fwp%2Fv2%2Fcomments&post=283"}],"version-history":[{"count":12,"href":"http:\/\/forstservice-hoffmann.de\/index.php?rest_route=\/wp\/v2\/pages\/283\/revisions"}],"predecessor-version":[{"id":437,"href":"http:\/\/forstservice-hoffmann.de\/index.php?rest_route=\/wp\/v2\/pages\/283\/revisions\/437"}],"wp:featuredmedia":[{"embeddable":true,"href":"http:\/\/forstservice-hoffmann.de\/index.php?rest_route=\/wp\/v2\/media\/284"}],"wp:attachment":[{"href":"http:\/\/forstservice-hoffmann.de\/index.php?rest_route=%2Fwp%2Fv2%2Fmedia&parent=283"}],"curies":[{"name":"wp","href":"https:\/\/api.w.org\/{rel}","templated":true}]}}