{"id":371,"date":"2020-01-10T15:35:43","date_gmt":"2020-01-10T15:35:43","guid":{"rendered":"http:\/\/forstservice-hoffmann.de\/?page_id=371"},"modified":"2020-01-11T11:38:05","modified_gmt":"2020-01-11T11:38:05","slug":"bestands-waldpflege","status":"publish","type":"page","link":"http:\/\/forstservice-hoffmann.de\/?page_id=371","title":{"rendered":"Bestands- &#038; Waldpflege"},"content":{"rendered":"\t\t<div data-elementor-type=\"wp-page\" data-elementor-id=\"371\" class=\"elementor elementor-371\">\n\t\t\t\t\t\t<section class=\"elementor-section elementor-top-section elementor-element elementor-element-60e8619 elementor-section-boxed elementor-section-height-default elementor-section-height-default\" data-id=\"60e8619\" data-element_type=\"section\">\n\t\t\t\t\t\t<div class=\"elementor-container elementor-column-gap-default\">\n\t\t\t\t\t\t<\/div>\n\t\t<\/section>\n\t\t\t\t<section class=\"elementor-section elementor-top-section elementor-element elementor-element-587ca81 elementor-section-boxed elementor-section-height-default elementor-section-height-default\" data-id=\"587ca81\" data-element_type=\"section\">\n\t\t\t\t\t\t<div class=\"elementor-container elementor-column-gap-default\">\n\t\t\t\t\t<div class=\"elementor-column elementor-col-50 elementor-top-column elementor-element elementor-element-9a8c1a6\" data-id=\"9a8c1a6\" data-element_type=\"column\">\n\t\t\t<div class=\"elementor-widget-wrap elementor-element-populated\">\n\t\t\t\t\t\t<div class=\"elementor-element elementor-element-636ff94 elementor-widget elementor-widget-heading\" data-id=\"636ff94\" data-element_type=\"widget\" data-widget_type=\"heading.default\">\n\t\t\t\t<div class=\"elementor-widget-container\">\n\t\t\t<h2 class=\"elementor-heading-title elementor-size-default\">Jungbestandspflege<\/h2>\t\t<\/div>\n\t\t\t\t<\/div>\n\t\t\t\t<div class=\"elementor-element elementor-element-9cf87d4 elementor-widget elementor-widget-text-editor\" data-id=\"9cf87d4\" data-element_type=\"widget\" data-widget_type=\"text-editor.default\">\n\t\t\t\t<div class=\"elementor-widget-container\">\n\t\t\t\t\t\t\tSobald die B\u00e4ume Ihres Bestandes anfangen sich gegenseitigt zu sehr zu bedr\u00e4gen, wird eine sogenannte Jungbestandspflege notwendig. Wir pflegen Ihren Jungbestand motormanuell. Gerne beraten wir Sie hierzu fachm\u00e4nnisch unter der Rufnummer +49 171 181 32 96.\t\t\t\t\t\t<\/div>\n\t\t\t\t<\/div>\n\t\t\t\t\t<\/div>\n\t\t<\/div>\n\t\t\t\t<div class=\"elementor-column elementor-col-50 elementor-top-column elementor-element elementor-element-fe3c4f9\" data-id=\"fe3c4f9\" data-element_type=\"column\">\n\t\t\t<div class=\"elementor-widget-wrap elementor-element-populated\">\n\t\t\t\t\t\t<div class=\"elementor-element elementor-element-9d0a8d1 elementor-widget elementor-widget-image\" data-id=\"9d0a8d1\" data-element_type=\"widget\" data-widget_type=\"image.default\">\n\t\t\t\t<div class=\"elementor-widget-container\">\n\t\t\t\t\t\t\t\t\t\t\t\t\t<img fetchpriority=\"high\" decoding=\"async\" width=\"300\" height=\"200\" src=\"http:\/\/forstservice-hoffmann.de\/wp-content\/uploads\/2020\/01\/leaves-4718621_1920-300x200.jpg\" class=\"attachment-medium size-medium wp-image-375\" alt=\"\" srcset=\"http:\/\/forstservice-hoffmann.de\/wp-content\/uploads\/2020\/01\/leaves-4718621_1920-300x200.jpg 300w, http:\/\/forstservice-hoffmann.de\/wp-content\/uploads\/2020\/01\/leaves-4718621_1920-768x512.jpg 768w, http:\/\/forstservice-hoffmann.de\/wp-content\/uploads\/2020\/01\/leaves-4718621_1920-1024x683.jpg 1024w, http:\/\/forstservice-hoffmann.de\/wp-content\/uploads\/2020\/01\/leaves-4718621_1920.jpg 1920w\" sizes=\"(max-width: 300px) 100vw, 300px\" \/>\t\t\t\t\t\t\t\t\t\t\t\t\t<\/div>\n\t\t\t\t<\/div>\n\t\t\t\t\t<\/div>\n\t\t<\/div>\n\t\t\t\t\t<\/div>\n\t\t<\/section>\n\t\t\t\t<section class=\"elementor-section elementor-top-section elementor-element elementor-element-5d55c90 elementor-section-boxed elementor-section-height-default elementor-section-height-default\" data-id=\"5d55c90\" data-element_type=\"section\">\n\t\t\t\t\t\t<div class=\"elementor-container elementor-column-gap-default\">\n\t\t\t\t\t<div class=\"elementor-column elementor-col-100 elementor-top-column elementor-element elementor-element-0594175\" data-id=\"0594175\" data-element_type=\"column\">\n\t\t\t<div class=\"elementor-widget-wrap elementor-element-populated\">\n\t\t\t\t\t\t<div class=\"elementor-element elementor-element-2dc1e65 elementor-widget elementor-widget-spacer\" data-id=\"2dc1e65\" data-element_type=\"widget\" data-widget_type=\"spacer.default\">\n\t\t\t\t<div class=\"elementor-widget-container\">\n\t\t\t\t\t<div class=\"elementor-spacer\">\n\t\t\t<div class=\"elementor-spacer-inner\"><\/div>\n\t\t<\/div>\n\t\t\t\t<\/div>\n\t\t\t\t<\/div>\n\t\t\t\t\t<\/div>\n\t\t<\/div>\n\t\t\t\t\t<\/div>\n\t\t<\/section>\n\t\t\t\t<section class=\"elementor-section elementor-top-section elementor-element elementor-element-0f2d7ab elementor-section-boxed elementor-section-height-default elementor-section-height-default\" data-id=\"0f2d7ab\" data-element_type=\"section\">\n\t\t\t\t\t\t<div class=\"elementor-container elementor-column-gap-default\">\n\t\t\t\t\t<div class=\"elementor-column elementor-col-50 elementor-top-column elementor-element elementor-element-1f39097\" data-id=\"1f39097\" data-element_type=\"column\">\n\t\t\t<div class=\"elementor-widget-wrap elementor-element-populated\">\n\t\t\t\t\t\t<div class=\"elementor-element elementor-element-6cff498 elementor-widget elementor-widget-image\" data-id=\"6cff498\" data-element_type=\"widget\" data-widget_type=\"image.default\">\n\t\t\t\t<div class=\"elementor-widget-container\">\n\t\t\t\t\t\t\t\t\t\t\t\t\t<img decoding=\"async\" width=\"300\" height=\"200\" src=\"http:\/\/forstservice-hoffmann.de\/wp-content\/uploads\/2020\/01\/natur-4542795_1920-1-300x200.jpg\" class=\"attachment-medium size-medium wp-image-438\" alt=\"\" srcset=\"http:\/\/forstservice-hoffmann.de\/wp-content\/uploads\/2020\/01\/natur-4542795_1920-1-300x200.jpg 300w, http:\/\/forstservice-hoffmann.de\/wp-content\/uploads\/2020\/01\/natur-4542795_1920-1-768x512.jpg 768w, http:\/\/forstservice-hoffmann.de\/wp-content\/uploads\/2020\/01\/natur-4542795_1920-1-1024x683.jpg 1024w, http:\/\/forstservice-hoffmann.de\/wp-content\/uploads\/2020\/01\/natur-4542795_1920-1.jpg 1920w\" sizes=\"(max-width: 300px) 100vw, 300px\" \/>\t\t\t\t\t\t\t\t\t\t\t\t\t<\/div>\n\t\t\t\t<\/div>\n\t\t\t\t\t<\/div>\n\t\t<\/div>\n\t\t\t\t<div class=\"elementor-column elementor-col-50 elementor-top-column elementor-element elementor-element-721d9b3\" data-id=\"721d9b3\" data-element_type=\"column\">\n\t\t\t<div class=\"elementor-widget-wrap elementor-element-populated\">\n\t\t\t\t\t\t<div class=\"elementor-element elementor-element-c3377b7 elementor-widget elementor-widget-heading\" data-id=\"c3377b7\" data-element_type=\"widget\" data-widget_type=\"heading.default\">\n\t\t\t\t<div class=\"elementor-widget-container\">\n\t\t\t<h2 class=\"elementor-heading-title elementor-size-default\">Verj\u00fcngung<\/h2>\t\t<\/div>\n\t\t\t\t<\/div>\n\t\t\t\t<div class=\"elementor-element elementor-element-901815c elementor-widget elementor-widget-text-editor\" data-id=\"901815c\" data-element_type=\"widget\" data-widget_type=\"text-editor.default\">\n\t\t\t\t<div class=\"elementor-widget-container\">\n\t\t\t\t\t\t\tStandortgerechte Naturverj\u00fcngung ist immer einer schematischen Kulturbegr\u00fcndung vorzuziehen. Auf gro\u00dfen, z.B. nach Borkenk\u00e4ferkalamit\u00e4ten oder Windw\u00fcrfen, entstandenen Freifl\u00e4chen oder zum Einbringen seltener Mischbaumarten hat die Kulturbegr\u00fcndung ihre Berechtigung.\t\t\t\t\t\t<\/div>\n\t\t\t\t<\/div>\n\t\t\t\t\t<\/div>\n\t\t<\/div>\n\t\t\t\t\t<\/div>\n\t\t<\/section>\n\t\t\t\t<section class=\"elementor-section elementor-top-section elementor-element elementor-element-75f24b1 elementor-section-boxed elementor-section-height-default elementor-section-height-default\" data-id=\"75f24b1\" data-element_type=\"section\">\n\t\t\t\t\t\t<div class=\"elementor-container elementor-column-gap-default\">\n\t\t\t\t\t<div class=\"elementor-column elementor-col-100 elementor-top-column elementor-element elementor-element-6a89fcb\" data-id=\"6a89fcb\" data-element_type=\"column\">\n\t\t\t<div class=\"elementor-widget-wrap elementor-element-populated\">\n\t\t\t\t\t\t<div class=\"elementor-element elementor-element-b73965a elementor-widget elementor-widget-spacer\" data-id=\"b73965a\" data-element_type=\"widget\" data-widget_type=\"spacer.default\">\n\t\t\t\t<div class=\"elementor-widget-container\">\n\t\t\t\t\t<div class=\"elementor-spacer\">\n\t\t\t<div class=\"elementor-spacer-inner\"><\/div>\n\t\t<\/div>\n\t\t\t\t<\/div>\n\t\t\t\t<\/div>\n\t\t\t\t\t<\/div>\n\t\t<\/div>\n\t\t\t\t\t<\/div>\n\t\t<\/section>\n\t\t\t\t<section class=\"elementor-section elementor-top-section elementor-element elementor-element-0321c42 elementor-section-boxed elementor-section-height-default elementor-section-height-default\" data-id=\"0321c42\" data-element_type=\"section\">\n\t\t\t\t\t\t<div class=\"elementor-container elementor-column-gap-default\">\n\t\t\t\t\t<div class=\"elementor-column elementor-col-50 elementor-top-column elementor-element elementor-element-def28b1\" data-id=\"def28b1\" data-element_type=\"column\">\n\t\t\t<div class=\"elementor-widget-wrap elementor-element-populated\">\n\t\t\t\t\t\t<div class=\"elementor-element elementor-element-15b7e86 elementor-widget elementor-widget-heading\" data-id=\"15b7e86\" data-element_type=\"widget\" data-widget_type=\"heading.default\">\n\t\t\t\t<div class=\"elementor-widget-container\">\n\t\t\t<h2 class=\"elementor-heading-title elementor-size-default\">Kulturpflege<\/h2>\t\t<\/div>\n\t\t\t\t<\/div>\n\t\t\t\t<div class=\"elementor-element elementor-element-ace287e elementor-widget elementor-widget-text-editor\" data-id=\"ace287e\" data-element_type=\"widget\" data-widget_type=\"text-editor.default\">\n\t\t\t\t<div class=\"elementor-widget-container\">\n\t\t\t\t\t\t\tPflanzkulturen m\u00fcssen gepflegt werden, damit sie von aufkommender Konkurrenzflora (z.B. Brombeere, Gras und Brennnessel) nicht \u00fcberwachsen werden. Die Beseitigung der Konkurrenzflora erfolgt mit dem Freischneider oder der (Motor-) Sense.\t\t\t\t\t\t<\/div>\n\t\t\t\t<\/div>\n\t\t\t\t\t<\/div>\n\t\t<\/div>\n\t\t\t\t<div class=\"elementor-column elementor-col-50 elementor-top-column elementor-element elementor-element-060397e\" data-id=\"060397e\" data-element_type=\"column\">\n\t\t\t<div class=\"elementor-widget-wrap elementor-element-populated\">\n\t\t\t\t\t\t<div class=\"elementor-element elementor-element-6100d0e elementor-widget elementor-widget-image\" data-id=\"6100d0e\" data-element_type=\"widget\" data-widget_type=\"image.default\">\n\t\t\t\t<div class=\"elementor-widget-container\">\n\t\t\t\t\t\t\t\t\t\t\t\t\t<img decoding=\"async\" width=\"300\" height=\"200\" src=\"http:\/\/forstservice-hoffmann.de\/wp-content\/uploads\/2020\/01\/plant-4562419_1920-300x200.jpg\" class=\"attachment-medium size-medium wp-image-376\" alt=\"\" srcset=\"http:\/\/forstservice-hoffmann.de\/wp-content\/uploads\/2020\/01\/plant-4562419_1920-300x200.jpg 300w, http:\/\/forstservice-hoffmann.de\/wp-content\/uploads\/2020\/01\/plant-4562419_1920-768x512.jpg 768w, http:\/\/forstservice-hoffmann.de\/wp-content\/uploads\/2020\/01\/plant-4562419_1920-1024x683.jpg 1024w, http:\/\/forstservice-hoffmann.de\/wp-content\/uploads\/2020\/01\/plant-4562419_1920.jpg 1920w\" sizes=\"(max-width: 300px) 100vw, 300px\" \/>\t\t\t\t\t\t\t\t\t\t\t\t\t<\/div>\n\t\t\t\t<\/div>\n\t\t\t\t\t<\/div>\n\t\t<\/div>\n\t\t\t\t\t<\/div>\n\t\t<\/section>\n\t\t\t\t<\/div>\n\t\t","protected":false},"excerpt":{"rendered":"<p>Jungbestandspflege Sobald die B\u00e4ume Ihres Bestandes anfangen sich gegenseitigt zu sehr zu bedr\u00e4gen, wird eine sogenannte Jungbestandspflege notwendig. Wir pflegen Ihren Jungbestand motormanuell. Gerne beraten wir Sie hierzu fachm\u00e4nnisch unter der Rufnummer +49 171 181 32 96. Verj\u00fcngung Standortgerechte Naturverj\u00fcngung ist immer einer schematischen Kulturbegr\u00fcndung vorzuziehen. Auf gro\u00dfen, z.B. nach Borkenk\u00e4ferkalamit\u00e4ten oder Windw\u00fcrfen, entstandenen Freifl\u00e4chen&hellip;<\/p>\n","protected":false},"author":1,"featured_media":192,"parent":0,"menu_order":0,"comment_status":"closed","ping_status":"closed","template":"","meta":{"footnotes":""},"class_list":["post-371","page","type-page","status-publish","has-post-thumbnail","hentry"],"_links":{"self":[{"href":"http:\/\/forstservice-hoffmann.de\/index.php?rest_route=\/wp\/v2\/pages\/371"}],"collection":[{"href":"http:\/\/forstservice-hoffmann.de\/index.php?rest_route=\/wp\/v2\/pages"}],"about":[{"href":"http:\/\/forstservice-hoffmann.de\/index.php?rest_route=\/wp\/v2\/types\/page"}],"author":[{"embeddable":true,"href":"http:\/\/forstservice-hoffmann.de\/index.php?rest_route=\/wp\/v2\/users\/1"}],"replies":[{"embeddable":true,"href":"http:\/\/forstservice-hoffmann.de\/index.php?rest_route=%2Fwp%2Fv2%2Fcomments&post=371"}],"version-history":[{"count":5,"href":"http:\/\/forstservice-hoffmann.de\/index.php?rest_route=\/wp\/v2\/pages\/371\/revisions"}],"predecessor-version":[{"id":440,"href":"http:\/\/forstservice-hoffmann.de\/index.php?rest_route=\/wp\/v2\/pages\/371\/revisions\/440"}],"wp:featuredmedia":[{"embeddable":true,"href":"http:\/\/forstservice-hoffmann.de\/index.php?rest_route=\/wp\/v2\/media\/192"}],"wp:attachment":[{"href":"http:\/\/forstservice-hoffmann.de\/index.php?rest_route=%2Fwp%2Fv2%2Fmedia&parent=371"}],"curies":[{"name":"wp","href":"https:\/\/api.w.org\/{rel}","templated":true}]}}