{"id":417,"date":"2020-01-11T11:09:32","date_gmt":"2020-01-11T11:09:32","guid":{"rendered":"http:\/\/forstservice-hoffmann.de\/?page_id=417"},"modified":"2020-01-11T11:17:25","modified_gmt":"2020-01-11T11:17:25","slug":"problembaumfaellungen","status":"publish","type":"page","link":"http:\/\/forstservice-hoffmann.de\/?page_id=417","title":{"rendered":"Problembaumf\u00e4llungen"},"content":{"rendered":"\t\t<div data-elementor-type=\"wp-page\" data-elementor-id=\"417\" class=\"elementor elementor-417\">\n\t\t\t\t\t\t<section class=\"elementor-section elementor-top-section elementor-element elementor-element-3d1aa8f elementor-section-boxed elementor-section-height-default elementor-section-height-default\" data-id=\"3d1aa8f\" data-element_type=\"section\">\n\t\t\t\t\t\t<div class=\"elementor-container elementor-column-gap-default\">\n\t\t\t\t\t<div class=\"elementor-column elementor-col-50 elementor-top-column elementor-element elementor-element-522180a\" data-id=\"522180a\" data-element_type=\"column\">\n\t\t\t<div class=\"elementor-widget-wrap elementor-element-populated\">\n\t\t\t\t\t\t<div class=\"elementor-element elementor-element-894c14c elementor-widget elementor-widget-image\" data-id=\"894c14c\" data-element_type=\"widget\" data-widget_type=\"image.default\">\n\t\t\t\t<div class=\"elementor-widget-container\">\n\t\t\t\t\t\t\t\t\t\t\t\t\t<img fetchpriority=\"high\" decoding=\"async\" width=\"243\" height=\"300\" src=\"http:\/\/forstservice-hoffmann.de\/wp-content\/uploads\/2020\/01\/artikel_0002624_b_1-243x300.jpg\" class=\"attachment-medium size-medium wp-image-420\" alt=\"\" srcset=\"http:\/\/forstservice-hoffmann.de\/wp-content\/uploads\/2020\/01\/artikel_0002624_b_1-243x300.jpg 243w, http:\/\/forstservice-hoffmann.de\/wp-content\/uploads\/2020\/01\/artikel_0002624_b_1.jpg 324w\" sizes=\"(max-width: 243px) 100vw, 243px\" \/>\t\t\t\t\t\t\t\t\t\t\t\t\t<\/div>\n\t\t\t\t<\/div>\n\t\t\t\t\t<\/div>\n\t\t<\/div>\n\t\t\t\t<div class=\"elementor-column elementor-col-50 elementor-top-column elementor-element elementor-element-94d3820\" data-id=\"94d3820\" data-element_type=\"column\">\n\t\t\t<div class=\"elementor-widget-wrap elementor-element-populated\">\n\t\t\t\t\t\t<div class=\"elementor-element elementor-element-16aae7d elementor-widget elementor-widget-text-editor\" data-id=\"16aae7d\" data-element_type=\"widget\" data-widget_type=\"text-editor.default\">\n\t\t\t\t<div class=\"elementor-widget-container\">\n\t\t\t\t\t\t\t<p style=\"text-align: left;\">Durch unsere langj\u00e4hrige Erfahrung in der Forst- und Waldbewirtschaftung sind wir in der Lage, B\u00e4ume zu f\u00e4llen, die beispielswiese nur schwer erreichbar auf Privatgrundst\u00fccken oder entlang \u00f6ffentlicher Stra\u00dfen stehen oder bereits \u00fcber Geb\u00e4ude gewachsen sind.<\/p><p>Je nach Wunsch und Auftragsumfang h\u00e4ckseln wir gerne Ihr anfallendes Material und k\u00fcmmern uns ebenfalls gerne um den Abtransport.<\/p><p>Die Abrechnung erfolgt nach Zeit und Aufwand. Preise gerne auf Anfrage unter Mobil: +49 (0) 171 1813296.<\/p>\t\t\t\t\t\t<\/div>\n\t\t\t\t<\/div>\n\t\t\t\t\t<\/div>\n\t\t<\/div>\n\t\t\t\t\t<\/div>\n\t\t<\/section>\n\t\t\t\t<\/div>\n\t\t","protected":false},"excerpt":{"rendered":"<p>Durch unsere langj\u00e4hrige Erfahrung in der Forst- und Waldbewirtschaftung sind wir in der Lage, B\u00e4ume zu f\u00e4llen, die beispielswiese nur schwer erreichbar auf Privatgrundst\u00fccken oder entlang \u00f6ffentlicher Stra\u00dfen stehen oder bereits \u00fcber Geb\u00e4ude gewachsen sind. Je nach Wunsch und Auftragsumfang h\u00e4ckseln wir gerne Ihr anfallendes Material und k\u00fcmmern uns ebenfalls gerne um den Abtransport. Die&hellip;<\/p>\n","protected":false},"author":1,"featured_media":426,"parent":0,"menu_order":0,"comment_status":"closed","ping_status":"closed","template":"","meta":{"footnotes":""},"class_list":["post-417","page","type-page","status-publish","has-post-thumbnail","hentry"],"_links":{"self":[{"href":"http:\/\/forstservice-hoffmann.de\/index.php?rest_route=\/wp\/v2\/pages\/417"}],"collection":[{"href":"http:\/\/forstservice-hoffmann.de\/index.php?rest_route=\/wp\/v2\/pages"}],"about":[{"href":"http:\/\/forstservice-hoffmann.de\/index.php?rest_route=\/wp\/v2\/types\/page"}],"author":[{"embeddable":true,"href":"http:\/\/forstservice-hoffmann.de\/index.php?rest_route=\/wp\/v2\/users\/1"}],"replies":[{"embeddable":true,"href":"http:\/\/forstservice-hoffmann.de\/index.php?rest_route=%2Fwp%2Fv2%2Fcomments&post=417"}],"version-history":[{"count":5,"href":"http:\/\/forstservice-hoffmann.de\/index.php?rest_route=\/wp\/v2\/pages\/417\/revisions"}],"predecessor-version":[{"id":424,"href":"http:\/\/forstservice-hoffmann.de\/index.php?rest_route=\/wp\/v2\/pages\/417\/revisions\/424"}],"wp:featuredmedia":[{"embeddable":true,"href":"http:\/\/forstservice-hoffmann.de\/index.php?rest_route=\/wp\/v2\/media\/426"}],"wp:attachment":[{"href":"http:\/\/forstservice-hoffmann.de\/index.php?rest_route=%2Fwp%2Fv2%2Fmedia&parent=417"}],"curies":[{"name":"wp","href":"https:\/\/api.w.org\/{rel}","templated":true}]}}