{"id":429,"date":"2020-01-11T11:21:36","date_gmt":"2020-01-11T11:21:36","guid":{"rendered":"http:\/\/forstservice-hoffmann.de\/?page_id=429"},"modified":"2020-01-11T11:26:23","modified_gmt":"2020-01-11T11:26:23","slug":"wertastung","status":"publish","type":"page","link":"http:\/\/forstservice-hoffmann.de\/?page_id=429","title":{"rendered":"Wertastung"},"content":{"rendered":"\t\t<div data-elementor-type=\"wp-page\" data-elementor-id=\"429\" class=\"elementor elementor-429\">\n\t\t\t\t\t\t<section class=\"elementor-section elementor-top-section elementor-element elementor-element-8ff8f3f elementor-section-boxed elementor-section-height-default elementor-section-height-default\" data-id=\"8ff8f3f\" data-element_type=\"section\">\n\t\t\t\t\t\t<div class=\"elementor-container elementor-column-gap-default\">\n\t\t\t\t\t<div class=\"elementor-column elementor-col-50 elementor-top-column elementor-element elementor-element-90228f5\" data-id=\"90228f5\" data-element_type=\"column\">\n\t\t\t<div class=\"elementor-widget-wrap elementor-element-populated\">\n\t\t\t\t\t\t<div class=\"elementor-element elementor-element-bb88967 elementor-widget elementor-widget-text-editor\" data-id=\"bb88967\" data-element_type=\"widget\" data-widget_type=\"text-editor.default\">\n\t\t\t\t<div class=\"elementor-widget-container\">\n\t\t\t\t\t\t\tF\u00fcr die Erziehung von Wertholz (astfreies Holz) ist bei den sogenanten Totasterhaltern (Nadelh\u00f6lzer, Kirsche und Pappel) eine fr\u00fchzeitige wiederkehrende Wertastung notwendig. Geastet wird normalerweise bis auf 12 m H\u00f6he in drei Astungsstufen.\t\t\t\t\t\t<\/div>\n\t\t\t\t<\/div>\n\t\t\t\t<div class=\"elementor-element elementor-element-c58655f elementor-widget elementor-widget-text-editor\" data-id=\"c58655f\" data-element_type=\"widget\" data-widget_type=\"text-editor.default\">\n\t\t\t\t<div class=\"elementor-widget-container\">\n\t\t\t\t\t\t\t<ul><li>unter Wertastung versteht man das Entfernen von abgestorbenen oder lebenden \u00c4sten am stehenden Stamm<\/li><li>hierdurch wird sp\u00e4ter ein astfreies und damit sehr wertvolles Stammst\u00fcck erzielt<\/li><\/ul>\t\t\t\t\t\t<\/div>\n\t\t\t\t<\/div>\n\t\t\t\t<div class=\"elementor-element elementor-element-e8b8d4e elementor-widget elementor-widget-text-editor\" data-id=\"e8b8d4e\" data-element_type=\"widget\" data-widget_type=\"text-editor.default\">\n\t\t\t\t<div class=\"elementor-widget-container\">\n\t\t\t\t\t\t\t<p>Gerne berate und informiere ich Sie hierzu unter Mobil: +49 (0) 171 1813296.<\/p>\t\t\t\t\t\t<\/div>\n\t\t\t\t<\/div>\n\t\t\t\t\t<\/div>\n\t\t<\/div>\n\t\t\t\t<div class=\"elementor-column elementor-col-50 elementor-top-column elementor-element elementor-element-fd32f8b\" data-id=\"fd32f8b\" data-element_type=\"column\">\n\t\t\t<div class=\"elementor-widget-wrap elementor-element-populated\">\n\t\t\t\t\t\t<div class=\"elementor-element elementor-element-69bf905 elementor-widget elementor-widget-image\" data-id=\"69bf905\" data-element_type=\"widget\" data-widget_type=\"image.default\">\n\t\t\t\t<div class=\"elementor-widget-container\">\n\t\t\t\t\t\t\t\t\t\t\t\t\t<img fetchpriority=\"high\" decoding=\"async\" width=\"300\" height=\"225\" src=\"http:\/\/forstservice-hoffmann.de\/wp-content\/uploads\/2020\/01\/IMG-20200109-WA0015-300x225.jpg\" class=\"attachment-medium size-medium wp-image-360\" alt=\"\" srcset=\"http:\/\/forstservice-hoffmann.de\/wp-content\/uploads\/2020\/01\/IMG-20200109-WA0015-300x225.jpg 300w, http:\/\/forstservice-hoffmann.de\/wp-content\/uploads\/2020\/01\/IMG-20200109-WA0015.jpg 400w\" sizes=\"(max-width: 300px) 100vw, 300px\" \/>\t\t\t\t\t\t\t\t\t\t\t\t\t<\/div>\n\t\t\t\t<\/div>\n\t\t\t\t\t<\/div>\n\t\t<\/div>\n\t\t\t\t\t<\/div>\n\t\t<\/section>\n\t\t\t\t<\/div>\n\t\t","protected":false},"excerpt":{"rendered":"<p>F\u00fcr die Erziehung von Wertholz (astfreies Holz) ist bei den sogenanten Totasterhaltern (Nadelh\u00f6lzer, Kirsche und Pappel) eine fr\u00fchzeitige wiederkehrende Wertastung notwendig. Geastet wird normalerweise bis auf 12 m H\u00f6he in drei Astungsstufen. unter Wertastung versteht man das Entfernen von abgestorbenen oder lebenden \u00c4sten am stehenden Stamm hierdurch wird sp\u00e4ter ein astfreies und damit sehr wertvolles&hellip;<\/p>\n","protected":false},"author":1,"featured_media":192,"parent":0,"menu_order":0,"comment_status":"closed","ping_status":"closed","template":"","meta":{"footnotes":""},"class_list":["post-429","page","type-page","status-publish","has-post-thumbnail","hentry"],"_links":{"self":[{"href":"http:\/\/forstservice-hoffmann.de\/index.php?rest_route=\/wp\/v2\/pages\/429"}],"collection":[{"href":"http:\/\/forstservice-hoffmann.de\/index.php?rest_route=\/wp\/v2\/pages"}],"about":[{"href":"http:\/\/forstservice-hoffmann.de\/index.php?rest_route=\/wp\/v2\/types\/page"}],"author":[{"embeddable":true,"href":"http:\/\/forstservice-hoffmann.de\/index.php?rest_route=\/wp\/v2\/users\/1"}],"replies":[{"embeddable":true,"href":"http:\/\/forstservice-hoffmann.de\/index.php?rest_route=%2Fwp%2Fv2%2Fcomments&post=429"}],"version-history":[{"count":4,"href":"http:\/\/forstservice-hoffmann.de\/index.php?rest_route=\/wp\/v2\/pages\/429\/revisions"}],"predecessor-version":[{"id":433,"href":"http:\/\/forstservice-hoffmann.de\/index.php?rest_route=\/wp\/v2\/pages\/429\/revisions\/433"}],"wp:featuredmedia":[{"embeddable":true,"href":"http:\/\/forstservice-hoffmann.de\/index.php?rest_route=\/wp\/v2\/media\/192"}],"wp:attachment":[{"href":"http:\/\/forstservice-hoffmann.de\/index.php?rest_route=%2Fwp%2Fv2%2Fmedia&parent=429"}],"curies":[{"name":"wp","href":"https:\/\/api.w.org\/{rel}","templated":true}]}}