{"id":7,"date":"2019-07-10T10:04:19","date_gmt":"2019-07-10T10:04:19","guid":{"rendered":"https:\/\/demo.sukiwp.com\/cg-accounting-elementor\/?page_id=7"},"modified":"2020-01-11T11:40:01","modified_gmt":"2020-01-11T11:40:01","slug":"services","status":"publish","type":"page","link":"http:\/\/forstservice-hoffmann.de\/?page_id=7","title":{"rendered":"Leistungen"},"content":{"rendered":"\t\t<div data-elementor-type=\"wp-post\" data-elementor-id=\"7\" class=\"elementor elementor-7\">\n\t\t\t\t\t\t<section class=\"elementor-section elementor-top-section elementor-element elementor-element-fcde230 elementor-section-boxed elementor-section-height-default elementor-section-height-default\" data-id=\"fcde230\" data-element_type=\"section\">\n\t\t\t\t\t\t<div class=\"elementor-container elementor-column-gap-no\">\n\t\t\t\t\t<div class=\"elementor-column elementor-col-100 elementor-top-column elementor-element elementor-element-d79bd14\" data-id=\"d79bd14\" data-element_type=\"column\">\n\t\t\t<div class=\"elementor-widget-wrap elementor-element-populated\">\n\t\t\t\t\t\t<div class=\"elementor-element elementor-element-f296e9b elementor-widget elementor-widget-heading\" data-id=\"f296e9b\" data-element_type=\"widget\" data-widget_type=\"heading.default\">\n\t\t\t\t<div class=\"elementor-widget-container\">\n\t\t\t<h2 class=\"elementor-heading-title elementor-size-default\">Ihr Servicepartner im gr\u00fcnen Bereich<\/h2>\t\t<\/div>\n\t\t\t\t<\/div>\n\t\t\t\t<div class=\"elementor-element elementor-element-02c3b21 elementor-widget elementor-widget-text-editor\" data-id=\"02c3b21\" data-element_type=\"widget\" data-widget_type=\"text-editor.default\">\n\t\t\t\t<div class=\"elementor-widget-container\">\n\t\t\t\t\t\t\t<p>Sie sind auf der Suche nach einem flexiblen Forstdienstleister? <br \/>Sie brauchen Hilfe im Wald, auf Privatgrundst\u00fccken, auf Gewerbefl\u00e4chen oder dem \u00f6ffentlichen Raum? <br \/>Ich bin Ihr Servicepartner und biete Ihnen mit meinem Team unterschiedliche Forstdienstleistungen an.<\/p>\t\t\t\t\t\t<\/div>\n\t\t\t\t<\/div>\n\t\t\t\t\t<\/div>\n\t\t<\/div>\n\t\t\t\t\t<\/div>\n\t\t<\/section>\n\t\t\t\t<section class=\"elementor-section elementor-top-section elementor-element elementor-element-929d735 elementor-section-full_width elementor-section-height-default elementor-section-height-default\" data-id=\"929d735\" data-element_type=\"section\">\n\t\t\t\t\t\t<div class=\"elementor-container elementor-column-gap-no\">\n\t\t\t\t\t<div class=\"elementor-column elementor-col-33 elementor-top-column elementor-element elementor-element-d5e3469\" data-id=\"d5e3469\" data-element_type=\"column\" data-settings=\"{&quot;background_background&quot;:&quot;classic&quot;}\">\n\t\t\t<div class=\"elementor-widget-wrap elementor-element-populated\">\n\t\t\t\t\t\t<div class=\"elementor-element elementor-element-04663bb elementor-widget elementor-widget-heading\" data-id=\"04663bb\" data-element_type=\"widget\" data-widget_type=\"heading.default\">\n\t\t\t\t<div class=\"elementor-widget-container\">\n\t\t\t<h2 class=\"elementor-heading-title elementor-size-default\">Holzeinschlag<\/h2>\t\t<\/div>\n\t\t\t\t<\/div>\n\t\t\t\t<div class=\"elementor-element elementor-element-d2db535 elementor-widget elementor-widget-text-editor\" data-id=\"d2db535\" data-element_type=\"widget\" data-widget_type=\"text-editor.default\">\n\t\t\t\t<div class=\"elementor-widget-container\">\n\t\t\t\t\t\t\t<p>Neben der Maschinenf\u00fchrung biete ich auch einen qualifizierten motor-manuellen Holzeinschlag mit der Motorkettens\u00e4ge an. Der Holzeinschlag erfolgt inklusive der Aufteilung und Zuordnung der Sortimente nach den g\u00fcltigen Qualit\u00e4tsrichtlinien. <\/p>\t\t\t\t\t\t<\/div>\n\t\t\t\t<\/div>\n\t\t\t\t\t<\/div>\n\t\t<\/div>\n\t\t\t\t<div class=\"elementor-column elementor-col-33 elementor-top-column elementor-element elementor-element-03d33b4\" data-id=\"03d33b4\" data-element_type=\"column\" data-settings=\"{&quot;background_background&quot;:&quot;classic&quot;}\">\n\t\t\t<div class=\"elementor-widget-wrap elementor-element-populated\">\n\t\t\t\t\t\t<div class=\"elementor-element elementor-element-7628a1a elementor-widget elementor-widget-heading\" data-id=\"7628a1a\" data-element_type=\"widget\" data-widget_type=\"heading.default\">\n\t\t\t\t<div class=\"elementor-widget-container\">\n\t\t\t<h2 class=\"elementor-heading-title elementor-size-default\">Spezielle Baumf\u00e4llungen<\/h2>\t\t<\/div>\n\t\t\t\t<\/div>\n\t\t\t\t<div class=\"elementor-element elementor-element-328d77c elementor-widget elementor-widget-text-editor\" data-id=\"328d77c\" data-element_type=\"widget\" data-widget_type=\"text-editor.default\">\n\t\t\t\t<div class=\"elementor-widget-container\">\n\t\t\t\t\t\t\t<p>Ich f\u00fchre Spezialbaumf\u00e4llungen oder einen fachlich qualifizierten Baumbeschnitt auf engstem Raum durch. Je nach Problemlage verwende ich Leitern, Klettertechnik oder andere Arbeitsger\u00e4te.<\/p>\t\t\t\t\t\t<\/div>\n\t\t\t\t<\/div>\n\t\t\t\t\t<\/div>\n\t\t<\/div>\n\t\t\t\t<div class=\"elementor-column elementor-col-33 elementor-top-column elementor-element elementor-element-3a0563d\" data-id=\"3a0563d\" data-element_type=\"column\" data-settings=\"{&quot;background_background&quot;:&quot;classic&quot;}\">\n\t\t\t<div class=\"elementor-widget-wrap elementor-element-populated\">\n\t\t\t\t\t\t<div class=\"elementor-element elementor-element-09642c8 elementor-widget elementor-widget-heading\" data-id=\"09642c8\" data-element_type=\"widget\" data-widget_type=\"heading.default\">\n\t\t\t\t<div class=\"elementor-widget-container\">\n\t\t\t<h2 class=\"elementor-heading-title elementor-size-default\">Sonstige Forst-Dienstleistungen<\/h2>\t\t<\/div>\n\t\t\t\t<\/div>\n\t\t\t\t<div class=\"elementor-element elementor-element-cf49383 elementor-widget elementor-widget-text-editor\" data-id=\"cf49383\" data-element_type=\"widget\" data-widget_type=\"text-editor.default\">\n\t\t\t\t<div class=\"elementor-widget-container\">\n\t\t\t\t\t\t\t<p>Zu meinen sonstigen Forstdienstleistungen geh\u00f6ren die Pflanzung, die Pflege von Kulturfl\u00e4chen, die Bestandspflege, der Gatterbau, Pflasterarbeiten und vieles andere mehr.<br \/><br \/>Sprechen Sie mich an! Wir finden eine L\u00f6sung.<\/p>\t\t\t\t\t\t<\/div>\n\t\t\t\t<\/div>\n\t\t\t\t\t<\/div>\n\t\t<\/div>\n\t\t\t\t\t<\/div>\n\t\t<\/section>\n\t\t\t\t<section class=\"elementor-section elementor-top-section elementor-element elementor-element-93c84c7 elementor-section-boxed elementor-section-height-default elementor-section-height-default\" data-id=\"93c84c7\" data-element_type=\"section\">\n\t\t\t\t\t\t<div class=\"elementor-container elementor-column-gap-no\">\n\t\t\t\t\t<div class=\"elementor-column elementor-col-100 elementor-top-column elementor-element elementor-element-3bb4158\" data-id=\"3bb4158\" data-element_type=\"column\">\n\t\t\t<div class=\"elementor-widget-wrap elementor-element-populated\">\n\t\t\t\t\t\t<div class=\"elementor-element elementor-element-f1e0c45 elementor-widget elementor-widget-heading\" data-id=\"f1e0c45\" data-element_type=\"widget\" data-widget_type=\"heading.default\">\n\t\t\t\t<div class=\"elementor-widget-container\">\n\t\t\t<h2 class=\"elementor-heading-title elementor-size-default\">Unsere Dienstleistungen in der Forstwirtschaft<\/h2>\t\t<\/div>\n\t\t\t\t<\/div>\n\t\t\t\t<div class=\"elementor-element elementor-element-e6ce901 elementor-widget elementor-widget-text-editor\" data-id=\"e6ce901\" data-element_type=\"widget\" data-widget_type=\"text-editor.default\">\n\t\t\t\t<div class=\"elementor-widget-container\">\n\t\t\t\t\t\t\t<p>Forstliche Dienstleistungen seit mehr als 15 Jahren!<br \/>Als erfahrener Forstunternehmer biete ich kompetente Beratung und fachliche Unterst\u00fctzung bei der Waldbewirtschaftung.<\/p>\t\t\t\t\t\t<\/div>\n\t\t\t\t<\/div>\n\t\t\t\t<div class=\"elementor-element elementor-element-021dbbb elementor-widget elementor-widget-text-editor\" data-id=\"021dbbb\" data-element_type=\"widget\" data-widget_type=\"text-editor.default\">\n\t\t\t\t<div class=\"elementor-widget-container\">\n\t\t\t\t\t\t\t<ul><li>Baumf\u00e4llungen<\/li><li>Motormanuelle Holzernte<\/li><li>Durchforstung<\/li><li>Beseitigung von Windbruch<\/li><li>Holzr\u00fcckung<\/li><li>Gefahrenf\u00e4llung<\/li><li>Holzr\u00fcckung<\/li><li>Baumf\u00e4llungen in G\u00e4rten<\/li><li>Entfernung von Hecken<\/li><li>Entsorgung von Astmaterial<\/li><\/ul>\t\t\t\t\t\t<\/div>\n\t\t\t\t<\/div>\n\t\t\t\t\t<\/div>\n\t\t<\/div>\n\t\t\t\t\t<\/div>\n\t\t<\/section>\n\t\t\t\t<section class=\"elementor-section elementor-top-section elementor-element elementor-element-b9825f0 elementor-section-boxed elementor-section-height-default elementor-section-height-default\" data-id=\"b9825f0\" data-element_type=\"section\" data-settings=\"{&quot;background_background&quot;:&quot;classic&quot;}\">\n\t\t\t\t\t\t<div class=\"elementor-container elementor-column-gap-no\">\n\t\t\t\t\t<div class=\"elementor-column elementor-col-100 elementor-top-column elementor-element elementor-element-0c1260f\" data-id=\"0c1260f\" data-element_type=\"column\">\n\t\t\t<div class=\"elementor-widget-wrap elementor-element-populated\">\n\t\t\t\t\t\t<div class=\"elementor-element elementor-element-3af99b1 elementor-widget elementor-widget-heading\" data-id=\"3af99b1\" data-element_type=\"widget\" data-widget_type=\"heading.default\">\n\t\t\t\t<div class=\"elementor-widget-container\">\n\t\t\t<h3 class=\"elementor-heading-title elementor-size-default\">Gerne beantworte ich Ihre weiteren Fragen unter  <strong>+49 171 1813296<\/strong><\/h3>\t\t<\/div>\n\t\t\t\t<\/div>\n\t\t\t\t\t<\/div>\n\t\t<\/div>\n\t\t\t\t\t<\/div>\n\t\t<\/section>\n\t\t\t\t<\/div>\n\t\t","protected":false},"excerpt":{"rendered":"<p>Ihr Servicepartner im gr\u00fcnen Bereich Sie sind auf der Suche nach einem flexiblen Forstdienstleister? Sie brauchen Hilfe im Wald, auf Privatgrundst\u00fccken, auf Gewerbefl\u00e4chen oder dem \u00f6ffentlichen Raum? Ich bin Ihr Servicepartner und biete Ihnen mit meinem Team unterschiedliche Forstdienstleistungen an. Holzeinschlag Neben der Maschinenf\u00fchrung biete ich auch einen qualifizierten motor-manuellen Holzeinschlag mit der Motorkettens\u00e4ge an.&hellip;<\/p>\n","protected":false},"author":1,"featured_media":289,"parent":0,"menu_order":0,"comment_status":"closed","ping_status":"closed","template":"page-templates\/page-builder.php","meta":{"footnotes":""},"class_list":["post-7","page","type-page","status-publish","has-post-thumbnail","hentry"],"_links":{"self":[{"href":"http:\/\/forstservice-hoffmann.de\/index.php?rest_route=\/wp\/v2\/pages\/7"}],"collection":[{"href":"http:\/\/forstservice-hoffmann.de\/index.php?rest_route=\/wp\/v2\/pages"}],"about":[{"href":"http:\/\/forstservice-hoffmann.de\/index.php?rest_route=\/wp\/v2\/types\/page"}],"author":[{"embeddable":true,"href":"http:\/\/forstservice-hoffmann.de\/index.php?rest_route=\/wp\/v2\/users\/1"}],"replies":[{"embeddable":true,"href":"http:\/\/forstservice-hoffmann.de\/index.php?rest_route=%2Fwp%2Fv2%2Fcomments&post=7"}],"version-history":[{"count":16,"href":"http:\/\/forstservice-hoffmann.de\/index.php?rest_route=\/wp\/v2\/pages\/7\/revisions"}],"predecessor-version":[{"id":442,"href":"http:\/\/forstservice-hoffmann.de\/index.php?rest_route=\/wp\/v2\/pages\/7\/revisions\/442"}],"wp:featuredmedia":[{"embeddable":true,"href":"http:\/\/forstservice-hoffmann.de\/index.php?rest_route=\/wp\/v2\/media\/289"}],"wp:attachment":[{"href":"http:\/\/forstservice-hoffmann.de\/index.php?rest_route=%2Fwp%2Fv2%2Fmedia&parent=7"}],"curies":[{"name":"wp","href":"https:\/\/api.w.org\/{rel}","templated":true}]}}